{"id":1121,"date":"2025-05-04T18:00:20","date_gmt":"2025-05-04T16:00:20","guid":{"rendered":"https:\/\/totesnus.com\/nicotine-sachets\/tote-arandano\/"},"modified":"2025-07-14T17:08:36","modified_gmt":"2025-07-14T15:08:36","slug":"tote-arandano","status":"publish","type":"product","link":"https:\/\/totesnus.com\/es\/nicotine-sachets\/tote-arandano\/","title":{"rendered":"TOTE &#8211; Ar\u00e1ndano"},"content":{"rendered":"<div class=\"flex max-w-full flex-col flex-grow\">\n<div class=\"min-h-8 text-message flex w-full flex-col items-end gap-2 whitespace-normal break-words text-start [.text-message+&amp;]:mt-5\" dir=\"auto\" data-message-author-role=\"assistant\" data-message-id=\"d14f14fe-e8b5-48f3-9dec-9ba8a121faa2\" data-message-model-slug=\"gpt-4o\">\n<div class=\"flex w-full flex-col gap-1 empty:hidden first:pt-[3px]\">\n<div class=\"markdown prose w-full break-words dark:prose-invert light\">\n<h3><strong>Tote Ar\u00e1ndano &#8211; Sabor aut\u00e9ntico y experiencia intensa<\/strong><\/h3>\n<h4><strong>Descripci\u00f3n del sabor<\/strong><\/h4>\n<p>Tote Blueberry es un producto \u00fanico que deleita con su profundo y natural sabor a ar\u00e1ndanos. El rico aroma afrutado se ha equilibrado perfectamente con la intensidad de la acci\u00f3n, haciendo de este producto la elecci\u00f3n ideal para los amantes de la experiencia afrutada. El inconfundible sabor a bayas combinado con la potencia de la acci\u00f3n garantiza una experiencia \u00fanica que se distingue de otros productos de nicotina.  <\/p>\n<h4><strong>Ventajas de la Bolsa de Ar\u00e1ndanos<\/strong><\/h4>\n<ul>\n<li><strong>Aut\u00e9ntico sabor a bayas:<\/strong> Un aroma natural e intenso que atrae a los amantes de la experiencia afrutada.<\/li>\n<li><strong>Equilibrio perfecto:<\/strong> Una combinaci\u00f3n equilibrada de sabor y eficacia, que ofrece una experiencia \u00fanica.<\/li>\n<li><strong>Versatilidad:<\/strong> El producto es adecuado tanto para usuarios avanzados como para los que buscan una alternativa afrutada.<\/li>\n<\/ul>\n<h4><strong>Comodidad y discreci\u00f3n<\/strong><\/h4>\n<p>Las bolsitas Tote de Blueberry est\u00e1n dise\u00f1adas para proporcionar la m\u00e1xima comodidad y discreci\u00f3n. Gracias a su tama\u00f1o compacto, encajan perfectamente bajo el labio superior, lo que permite utilizarlas en cualquier lugar y en cualquier momento. Sin olor, humo ni ceniza, el producto es ideal tanto para el trabajo como para las ocasiones sociales.  <\/p>\n<h4><strong>\u00bfPor qu\u00e9 elegir la Bolsa de Ar\u00e1ndanos?<\/strong><\/h4>\n<ul>\n<li><strong>Alternativa sin humo:<\/strong> El producto no genera humo ni olor, por lo que es respetuoso con el usuario y con el medio ambiente.<\/li>\n<li><strong>Efecto duradero:<\/strong> una bolsita proporciona efectos intensos durante mucho tiempo, eliminando la necesidad de utilizarla con frecuencia.<\/li>\n<li><strong>C\u00f3modo y pr\u00e1ctico:<\/strong> Su forma y tama\u00f1o discretos permiten un uso c\u00f3modo en cualquier situaci\u00f3n.<\/li>\n<\/ul>\n<h4><strong>\u00bfC\u00f3mo utilizarlo?<\/strong><\/h4>\n<ol>\n<li>Saca la bolsita del envase.<\/li>\n<li>Col\u00f3calo suavemente bajo el labio superior.<\/li>\n<li>Deja la bolsita unos 30 minutos para disfrutar de su sabor y efecto.<\/li>\n<li>Tras su uso, desecha el sobre en un contenedor de residuos adecuado.<\/li>\n<\/ol>\n<h4><strong>Caracter\u00edsticas del producto<\/strong><\/h4>\n<ul>\n<li><strong>Sabor:<\/strong> Intenso y natural a bayas.<\/li>\n<li><strong>Tipo:<\/strong> Sobres de nicotina sin humo ni olor, ideales para un uso discreto.<\/li>\n<li><strong>Finalidad:<\/strong> Para usuarios adultos que buscan soluciones modernas y c\u00f3modas.<\/li>\n<\/ul>\n<h4><strong>Resumen<\/strong><\/h4>\n<p>Tote Blueberry es para quienes aprecian los sabores afrutados y esperan un efecto intenso. El producto ofrece una experiencia \u00fanica gracias a su aut\u00e9ntico sabor a ar\u00e1ndano y a su fabricaci\u00f3n artesanal de alta calidad. Est\u00e9s donde est\u00e9s, Tote Blueberry te proporciona comodidad y una experiencia \u00fanica. \u00a1Elige un producto que combina sabor, comodidad y modernidad!   <\/p>\n<\/div>\n<\/div>\n<\/div>\n<\/div>\n","protected":false},"excerpt":{"rendered":"<p>Tote Blueberry es un producto \u00fanico que deleita con su profundo y natural sabor a ar\u00e1ndanos. El rico aroma afrutado se ha equilibrado perfectamente con la intensidad de la acci\u00f3n, haciendo de este producto la elecci\u00f3n ideal para los amantes de la experiencia afrutada. El inconfundible sabor a bayas combinado con la potencia de la acci\u00f3n garantiza una experiencia \u00fanica que se distingue de otros productos de nicotina.  <\/p>\n","protected":false},"featured_media":1131,"comment_status":"closed","ping_status":"closed","template":"","meta":[],"product_brand":[],"product_cat":[171,172],"product_tag":[],"class_list":{"0":"post-1121","1":"product","2":"type-product","3":"status-publish","4":"has-post-thumbnail","6":"product_cat-productos","7":"product_cat-tote-es","9":"first","10":"outofstock","11":"shipping-taxable","12":"purchasable","13":"product-type-variable","14":"wvs-archive-product-wrapper"},"jetpack_sharing_enabled":true,"_links":{"self":[{"href":"https:\/\/totesnus.com\/es\/wp-json\/wp\/v2\/product\/1121","targetHints":{"allow":["GET"]}}],"collection":[{"href":"https:\/\/totesnus.com\/es\/wp-json\/wp\/v2\/product"}],"about":[{"href":"https:\/\/totesnus.com\/es\/wp-json\/wp\/v2\/types\/product"}],"replies":[{"embeddable":true,"href":"https:\/\/totesnus.com\/es\/wp-json\/wp\/v2\/comments?post=1121"}],"wp:featuredmedia":[{"embeddable":true,"href":"https:\/\/totesnus.com\/es\/wp-json\/wp\/v2\/media\/1131"}],"wp:attachment":[{"href":"https:\/\/totesnus.com\/es\/wp-json\/wp\/v2\/media?parent=1121"}],"wp:term":[{"taxonomy":"product_brand","embeddable":true,"href":"https:\/\/totesnus.com\/es\/wp-json\/wp\/v2\/product_brand?post=1121"},{"taxonomy":"product_cat","embeddable":true,"href":"https:\/\/totesnus.com\/es\/wp-json\/wp\/v2\/product_cat?post=1121"},{"taxonomy":"product_tag","embeddable":true,"href":"https:\/\/totesnus.com\/es\/wp-json\/wp\/v2\/product_tag?post=1121"}],"curies":[{"name":"wp","href":"https:\/\/api.w.org\/{rel}","templated":true}]}}