{"id":1135,"date":"2025-05-04T17:59:54","date_gmt":"2025-05-04T15:59:54","guid":{"rendered":"https:\/\/totesnus.com\/nicotine-sachets\/tote-sandia\/"},"modified":"2025-07-14T17:07:05","modified_gmt":"2025-07-14T15:07:05","slug":"tote-sandia","status":"publish","type":"product","link":"https:\/\/totesnus.com\/es\/nicotine-sachets\/tote-sandia\/","title":{"rendered":"TOTE &#8211; Sand\u00eda"},"content":{"rendered":"<h3><strong>Tote Sand\u00eda &#8211; Dulce frescura de sand\u00eda en una edici\u00f3n moderna<\/strong><\/h3>\n<h4><strong>Descripci\u00f3n del sabor<\/strong><\/h4>\n<p>Cuba Black Watermelon es una combinaci\u00f3n \u00fanica del aut\u00e9ntico sabor de la jugosa sand\u00eda con una intensa dosis de nicotina, que juntos crean una experiencia inolvidable. El refrescante dulzor de la sand\u00eda armoniza con la intensidad de la nicotina, ofreciendo el equilibrio perfecto entre placer gustativo y satisfacci\u00f3n del usuario. Es un producto que satisfar\u00e1 tanto a los consumidores experimentados como a los que buscan un nuevo enfoque de los productos de nicotina.  <\/p>\n<h4><strong>\u00bfPor qu\u00e9 elegir la Sand\u00eda Negra de Cuba?<\/strong><\/h4>\n<ul>\n<li><strong>Sabor aut\u00e9ntico:<\/strong> Un aut\u00e9ntico sabor a sand\u00eda que se distingue de otros productos de nicotina.<\/li>\n<li><strong>Equilibrio perfecto:<\/strong> Combinaci\u00f3n de sabor intenso con efecto nicot\u00ednico para una satisfacci\u00f3n completa.<\/li>\n<li><strong>Versatilidad:<\/strong> Adecuado tanto para consumidores habituales como para los que se inician en el uso de sobres de nicotina.<\/li>\n<\/ul>\n<h4><strong>Discreci\u00f3n y comodidad<\/strong><\/h4>\n<p>La Bolsa Sand\u00eda ha sido dise\u00f1ada para el usuario moderno que valora la discreci\u00f3n y la comodidad. La forma compacta de las bolsitas se adapta perfectamente debajo del labio superior, por lo que puedes utilizarlas en cualquier lugar: en el trabajo, en reuniones o mientras te relajas. Este producto proporciona total libertad de uso sin interrumpir las actividades diarias.  <\/p>\n<h4><strong>Ventajas del producto<\/strong><\/h4>\n<ul>\n<li><strong>Sin humo y sin<\/strong> olor<strong>:<\/strong> La alternativa ideal a los productos de tabaco tradicionales, sin humo, ceniza ni olor.<\/li>\n<li><strong>Alta calidad:<\/strong> Un producto creado a partir de los mejores ingredientes para garantizar un sabor duradero y la m\u00e1xima comodidad.<\/li>\n<li><strong>Una soluci\u00f3n pr\u00e1ctica:<\/strong> bolsitas discretas y f\u00e1ciles de usar que se pueden llevar a cualquier parte.<\/li>\n<\/ul>\n<h4><strong>\u00bfC\u00f3mo utilizarlo?<\/strong><\/h4>\n<ol>\n<li>Saca la bolsita del envase.<\/li>\n<li>Col\u00f3calo debajo del labio superior para un rendimiento \u00f3ptimo.<\/li>\n<li>Deja correr la bolsita durante unos 30 minutos, disfrutando del sabor y del efecto de la nicotina.<\/li>\n<li>Tras su uso, simplemente desecha la bolsita en un recipiente adecuado.<\/li>\n<\/ol>\n<h4><strong>Especificaciones del producto<\/strong><\/h4>\n<ul>\n<li><strong>Sabor:<\/strong> Jugosa sand\u00eda con el equilibrio perfecto de dulzor y frescor.<\/li>\n<li><strong>Tipo:<\/strong> Sobres de nicotina sin humo ni olor.<\/li>\n<li><strong>Uso previsto:<\/strong> Para usuarios adultos que buscan una alternativa a los productos tradicionales.<\/li>\n<\/ul>\n<h4><strong>Elige un enfoque moderno<\/strong><\/h4>\n<p>Tote Sand\u00eda es para quienes aprecian una experiencia de sabor intenso y una forma de uso discreta. Apuesta por la modernidad y experimenta un sabor que destaca por su autenticidad y su refrescante placer. \u00a1Prueba Tote Sand\u00eda y comprueba por ti mismo lo \u00fanicas que pueden ser las bolsitas de nicotina!  <\/p>\n","protected":false},"excerpt":{"rendered":"<p>Cuba Black Watermelon es una combinaci\u00f3n \u00fanica del aut\u00e9ntico sabor de la jugosa sand\u00eda con una intensa dosis de nicotina, que juntos crean una experiencia inolvidable. El refrescante dulzor de la sand\u00eda armoniza con la intensidad de la nicotina, ofreciendo el equilibrio perfecto entre placer gustativo y satisfacci\u00f3n del usuario. Es un producto que satisfar\u00e1 tanto a los consumidores experimentados como a los que buscan un nuevo enfoque de los productos de nicotina.  <\/p>\n","protected":false},"featured_media":1147,"comment_status":"closed","ping_status":"closed","template":"","meta":[],"product_brand":[],"product_cat":[171,172],"product_tag":[],"class_list":{"0":"post-1135","1":"product","2":"type-product","3":"status-publish","4":"has-post-thumbnail","6":"product_cat-productos","7":"product_cat-tote-es","9":"first","10":"outofstock","11":"shipping-taxable","12":"purchasable","13":"product-type-variable","14":"wvs-archive-product-wrapper"},"jetpack_sharing_enabled":true,"_links":{"self":[{"href":"https:\/\/totesnus.com\/es\/wp-json\/wp\/v2\/product\/1135","targetHints":{"allow":["GET"]}}],"collection":[{"href":"https:\/\/totesnus.com\/es\/wp-json\/wp\/v2\/product"}],"about":[{"href":"https:\/\/totesnus.com\/es\/wp-json\/wp\/v2\/types\/product"}],"replies":[{"embeddable":true,"href":"https:\/\/totesnus.com\/es\/wp-json\/wp\/v2\/comments?post=1135"}],"wp:featuredmedia":[{"embeddable":true,"href":"https:\/\/totesnus.com\/es\/wp-json\/wp\/v2\/media\/1147"}],"wp:attachment":[{"href":"https:\/\/totesnus.com\/es\/wp-json\/wp\/v2\/media?parent=1135"}],"wp:term":[{"taxonomy":"product_brand","embeddable":true,"href":"https:\/\/totesnus.com\/es\/wp-json\/wp\/v2\/product_brand?post=1135"},{"taxonomy":"product_cat","embeddable":true,"href":"https:\/\/totesnus.com\/es\/wp-json\/wp\/v2\/product_cat?post=1135"},{"taxonomy":"product_tag","embeddable":true,"href":"https:\/\/totesnus.com\/es\/wp-json\/wp\/v2\/product_tag?post=1135"}],"curies":[{"name":"wp","href":"https:\/\/api.w.org\/{rel}","templated":true}]}}