{"id":1149,"date":"2025-05-04T17:59:53","date_gmt":"2025-05-04T15:59:53","guid":{"rendered":"https:\/\/totesnus.com\/nicotine-sachets\/tote-doble-fresco\/"},"modified":"2025-07-14T17:12:41","modified_gmt":"2025-07-14T15:12:41","slug":"tote-doble-fresco","status":"publish","type":"product","link":"https:\/\/totesnus.com\/es\/nicotine-sachets\/tote-doble-fresco\/","title":{"rendered":"TOTE &#8211; Doble Fresco"},"content":{"rendered":"<h3><strong>Tote Double Fresh &#8211; Frescor intenso en cualquier momento<\/strong><\/h3>\n<h4><strong>Descripci\u00f3n del sabor<\/strong><\/h4>\n<p>Tote Double Fresh es la esencia del refresco encapsulada en c\u00f3modos sobres de nicotina. La combinaci\u00f3n \u00fanica de componentes intensamente frescos proporciona una sensaci\u00f3n \u00fanica en boca, limpia y refrescante, que permanece contigo durante mucho tiempo. La equilibrada armon\u00eda de sabor intenso y nicotina hace que este producto sea ideal para quienes buscan una alternativa que estimule los sentidos y proporcione placer.  <\/p>\n<h4><strong>Ventajas del producto<\/strong><\/h4>\n<ul>\n<li><strong>Refresco duradero:<\/strong> La f\u00f3rmula del producto est\u00e1 dise\u00f1ada para proporcionar una sensaci\u00f3n de frescor durante mucho tiempo.<\/li>\n<li><strong>Equilibrio perfecto: La<\/strong> combinaci\u00f3n de sabor intenso y golpe de nicotina proporciona una experiencia \u00fanica a los usuarios.<\/li>\n<li><strong>Uso vers\u00e1til:<\/strong> Tote Double Fresh es perfecto como alternativa discreta a los productos de nicotina tradicionales.<\/li>\n<\/ul>\n<h4><strong>Practicidad y discreci\u00f3n<\/strong><\/h4>\n<p>Las bolsitas se han dise\u00f1ado pensando en la m\u00e1xima comodidad. Su forma compacta encaja perfectamente en el espacio bajo tu labio superior, permiti\u00e9ndote disfrutar del producto sin molestias, est\u00e9s donde est\u00e9s. Ya sea en el trabajo, en una reuni\u00f3n o sobre la marcha, Tote Double Fresh proporciona satisfacci\u00f3n nicot\u00ednica en cualquier situaci\u00f3n.  <\/p>\n<h4><strong>\u00bfPor qu\u00e9 elegir la Bolsa Doble Fresh?<\/strong><\/h4>\n<ul>\n<li><strong>Dise\u00f1o moderno:<\/strong> un producto creado para usuarios m\u00f3viles que valoran la discreci\u00f3n y la comodidad.<\/li>\n<li><strong>Sin humo ni olores:<\/strong> puedes disfrutar del sabor y la experiencia de la nicotina sin preocuparte por las molestias de los productos del tabaco tradicionales.<\/li>\n<li><strong>Alta calidad:<\/strong> El uso de los mejores ingredientes garantiza una experiencia de sabor intensa y satisfactoria.<\/li>\n<\/ul>\n<h4><strong>\u00bfC\u00f3mo utilizarlo?<\/strong><\/h4>\n<ol>\n<li>Saca una bolsita del envase.<\/li>\n<li>Col\u00f3calo bajo el labio superior, presionando suavemente.<\/li>\n<li>Deja que la nicotina haga efecto: el efecto dura hasta 30 minutos.<\/li>\n<li>Cuando hayas terminado de utilizarlo, simplemente desecha la bolsita.<\/li>\n<\/ol>\n<h4><strong>Especificaciones del producto<\/strong><\/h4>\n<ul>\n<li><strong>Sabor:<\/strong> Frescor intenso con un equilibrio \u00fanico de aromas.<\/li>\n<li><strong>Tipo:<\/strong> Sobres de nicotina sin humo ni olor.<\/li>\n<li><strong>Finalidad:<\/strong> Ideal para usuarios adultos que buscan una alternativa a los productos tradicionales.<\/li>\n<\/ul>\n<h4><strong>Optimizado para ti<\/strong><\/h4>\n<p>Tote Double Fresh es m\u00e1s que un producto: es la elecci\u00f3n de las personas que valoran la modernidad, la comodidad y una intensa experiencia de sabor. \u00a1Compru\u00e9balo t\u00fa mismo y entra en un nuevo nivel de frescura! <\/p>\n","protected":false},"excerpt":{"rendered":"<p>Tote Double Fresh es la esencia del refresco encapsulada en c\u00f3modos sobres de nicotina. La combinaci\u00f3n \u00fanica de componentes intensamente frescos proporciona una sensaci\u00f3n \u00fanica en boca, limpia y refrescante, que permanece contigo durante mucho tiempo. La equilibrada armon\u00eda de sabor intenso y nicotina hace que este producto sea ideal para quienes buscan una alternativa que estimule los sentidos y proporcione placer.  <\/p>\n","protected":false},"featured_media":1175,"comment_status":"closed","ping_status":"closed","template":"","meta":[],"product_brand":[],"product_cat":[181,171,172],"product_tag":[],"class_list":{"0":"post-1149","1":"product","2":"type-product","3":"status-publish","4":"has-post-thumbnail","6":"product_cat-compras-mas-frecuentes-es","7":"product_cat-productos","8":"product_cat-tote-es","10":"first","11":"outofstock","12":"shipping-taxable","13":"purchasable","14":"product-type-variable","15":"wvs-archive-product-wrapper"},"jetpack_sharing_enabled":true,"_links":{"self":[{"href":"https:\/\/totesnus.com\/es\/wp-json\/wp\/v2\/product\/1149","targetHints":{"allow":["GET"]}}],"collection":[{"href":"https:\/\/totesnus.com\/es\/wp-json\/wp\/v2\/product"}],"about":[{"href":"https:\/\/totesnus.com\/es\/wp-json\/wp\/v2\/types\/product"}],"replies":[{"embeddable":true,"href":"https:\/\/totesnus.com\/es\/wp-json\/wp\/v2\/comments?post=1149"}],"wp:featuredmedia":[{"embeddable":true,"href":"https:\/\/totesnus.com\/es\/wp-json\/wp\/v2\/media\/1175"}],"wp:attachment":[{"href":"https:\/\/totesnus.com\/es\/wp-json\/wp\/v2\/media?parent=1149"}],"wp:term":[{"taxonomy":"product_brand","embeddable":true,"href":"https:\/\/totesnus.com\/es\/wp-json\/wp\/v2\/product_brand?post=1149"},{"taxonomy":"product_cat","embeddable":true,"href":"https:\/\/totesnus.com\/es\/wp-json\/wp\/v2\/product_cat?post=1149"},{"taxonomy":"product_tag","embeddable":true,"href":"https:\/\/totesnus.com\/es\/wp-json\/wp\/v2\/product_tag?post=1149"}],"curies":[{"name":"wp","href":"https:\/\/api.w.org\/{rel}","templated":true}]}}