{"id":1150,"date":"2025-05-04T17:59:53","date_gmt":"2025-05-04T15:59:53","guid":{"rendered":"https:\/\/totesnus.com\/nicotine-sachets\/tote-hielo-menta\/"},"modified":"2025-07-14T17:12:41","modified_gmt":"2025-07-14T15:12:41","slug":"tote-hielo-menta","status":"publish","type":"product","link":"https:\/\/totesnus.com\/es\/nicotine-sachets\/tote-hielo-menta\/","title":{"rendered":"TOTE &#8211; Hielo Menta"},"content":{"rendered":"<h3><strong>Tote Ice Spearmint &#8211; Refresco de menta al m\u00e1s alto nivel<\/strong><\/h3>\n<h4><strong>Descripci\u00f3n del sabor<\/strong><\/h4>\n<p>Tote Ice Spearmint es el refresco de menta por excelencia en intensidad. La frescura de Ice Spearmint proporciona una experiencia de sabor excepcionalmente limpia, perfectamente equilibrada con una dosis de nicotina. Es la elecci\u00f3n perfecta para quienes desean una experiencia de nicotina combinada con un refrescante alivio para el paladar. La menta verde helada de esta f\u00f3rmula no es s\u00f3lo un sabor, sino tambi\u00e9n una sensaci\u00f3n de frescor que te acompa\u00f1a durante m\u00e1s tiempo.   <\/p>\n<h4><strong>Ventajas del producto<\/strong><\/h4>\n<ul>\n<li><strong>Refresco intenso:<\/strong> La frescura de la menta verde helada tiene un efecto calmante y refrescante.<\/li>\n<li><strong>Sensaciones fuertes:<\/strong> La combinaci\u00f3n de menta fresca y golpe de nicotina proporciona una experiencia \u00fanica.<\/li>\n<li><strong>Uso vers\u00e1til:<\/strong> Ideal para personas activas que necesitan una soluci\u00f3n discreta y c\u00f3moda.<\/li>\n<\/ul>\n<h4><strong>Comodidad y discreci\u00f3n<\/strong><\/h4>\n<p>Las bolsitas Tote Ice Spearmint se han creado para los usuarios que valoran la discreci\u00f3n y la comodidad. Su forma ergon\u00f3mica se adapta perfectamente al espacio bajo el labio superior, permiti\u00e9ndote disfrutar del sabor refrescante y el golpe de nicotina sin ning\u00fan obst\u00e1culo. Este producto permite una total libertad de uso, sean cuales sean las circunstancias: en el trabajo, de viaje o en reuniones sociales.  <\/p>\n<h4><strong>\u00bfPor qu\u00e9 elegir Tote Ice Spearmint?<\/strong><\/h4>\n<ul>\n<li><strong>Alternativa sin humo:<\/strong> Ideal para quienes quieren evitar el humo y el olor.<\/li>\n<li><strong>Alta calidad:<\/strong> La f\u00f3rmula perfectamente formulada garantiza una sensaci\u00f3n intensa y un sabor duradero.<\/li>\n<li><strong>Discreci\u00f3n y comodidad:<\/strong> la bolsita puede utilizarse en cualquier lugar con total comodidad.<\/li>\n<\/ul>\n<h4><strong>\u00bfC\u00f3mo utilizarlo?<\/strong><\/h4>\n<ol>\n<li>Saca la bolsita del envase.<\/li>\n<li>Col\u00f3calo bajo el labio superior y presiona suavemente para que quede bien.<\/li>\n<li>D\u00e9jalo actuar: disfruta del sabor y del golpe de nicotina durante unos 30 minutos.<\/li>\n<li>Cuando hayas terminado, tira el sobre en el contenedor de basura adecuado.<\/li>\n<\/ol>\n<h4><strong>Especificaciones del producto<\/strong><\/h4>\n<ul>\n<li><strong>Sabor:<\/strong> Menta verde helada, fresca y limpia, con un efecto intensamente refrescante.<\/li>\n<li><strong>Tipo:<\/strong> Sobres de nicotina, sin humo y sin olor.<\/li>\n<li><strong>Uso previsto:<\/strong> Para usuarios adultos que buscan una alternativa discreta y c\u00f3moda.<\/li>\n<\/ul>\n<h4><strong>Elige refrescar<\/strong><\/h4>\n<p>Tote Ice Spearmint es para los que quieren algo m\u00e1s: una combinaci\u00f3n de una fuerte experiencia nicot\u00ednica con el refrescante frescor de la menta helada.<\/p>\n<p>\u00a1Elige Tote Ice Spearmint y siente la diferencia en intensidad de sabor y comodidad!<\/p>\n","protected":false},"excerpt":{"rendered":"<p>Tote Ice Spearmint es el refresco de menta por excelencia de una forma intensa. La frescura de Ice Spearmint proporciona una experiencia de sabor excepcionalmente limpia, perfectamente equilibrada con una dosis de nicotina. Es la elecci\u00f3n perfecta para quienes desean una experiencia de nicotina combinada con un refrescante alivio para el paladar. La menta verde helada de esta f\u00f3rmula no es s\u00f3lo un sabor, sino tambi\u00e9n una sensaci\u00f3n de frescor que te acompa\u00f1a durante m\u00e1s tiempo.   <\/p>\n","protected":false},"featured_media":1176,"comment_status":"closed","ping_status":"closed","template":"","meta":[],"product_brand":[],"product_cat":[181,171,172],"product_tag":[],"class_list":{"0":"post-1150","1":"product","2":"type-product","3":"status-publish","4":"has-post-thumbnail","6":"product_cat-compras-mas-frecuentes-es","7":"product_cat-productos","8":"product_cat-tote-es","10":"first","11":"outofstock","12":"shipping-taxable","13":"purchasable","14":"product-type-variable","15":"wvs-archive-product-wrapper"},"jetpack_sharing_enabled":true,"_links":{"self":[{"href":"https:\/\/totesnus.com\/es\/wp-json\/wp\/v2\/product\/1150","targetHints":{"allow":["GET"]}}],"collection":[{"href":"https:\/\/totesnus.com\/es\/wp-json\/wp\/v2\/product"}],"about":[{"href":"https:\/\/totesnus.com\/es\/wp-json\/wp\/v2\/types\/product"}],"replies":[{"embeddable":true,"href":"https:\/\/totesnus.com\/es\/wp-json\/wp\/v2\/comments?post=1150"}],"wp:featuredmedia":[{"embeddable":true,"href":"https:\/\/totesnus.com\/es\/wp-json\/wp\/v2\/media\/1176"}],"wp:attachment":[{"href":"https:\/\/totesnus.com\/es\/wp-json\/wp\/v2\/media?parent=1150"}],"wp:term":[{"taxonomy":"product_brand","embeddable":true,"href":"https:\/\/totesnus.com\/es\/wp-json\/wp\/v2\/product_brand?post=1150"},{"taxonomy":"product_cat","embeddable":true,"href":"https:\/\/totesnus.com\/es\/wp-json\/wp\/v2\/product_cat?post=1150"},{"taxonomy":"product_tag","embeddable":true,"href":"https:\/\/totesnus.com\/es\/wp-json\/wp\/v2\/product_tag?post=1150"}],"curies":[{"name":"wp","href":"https:\/\/api.w.org\/{rel}","templated":true}]}}