{"id":1152,"date":"2025-05-04T17:59:55","date_gmt":"2025-05-04T15:59:55","guid":{"rendered":"https:\/\/totesnus.com\/nicotine-sachets\/tote-cereza\/"},"modified":"2025-07-14T17:12:42","modified_gmt":"2025-07-14T15:12:42","slug":"tote-cereza","status":"publish","type":"product","link":"https:\/\/totesnus.com\/es\/nicotine-sachets\/tote-cereza\/","title":{"rendered":"TOTE &#8211; Cereza"},"content":{"rendered":"<h3><strong>Tote Cherry &#8211; Profundidad de sabor e intensidad de nicotina<\/strong><\/h3>\n<h4><strong>Descripci\u00f3n del sabor<\/strong><\/h4>\n<p>Tote Cherry es una armoniosa combinaci\u00f3n de notas agridulces de cereza y sabor a nicotina, que juntas crean una experiencia inolvidable. El sabor profundo y complejo de este producto capta perfectamente la esencia de las cerezas maduras, proporcionando una experiencia satisfactoria que dura mucho tiempo despu\u00e9s de su uso. Esta composici\u00f3n hace que el producto sea una elecci\u00f3n ideal para las personas que esperan que los sobres de nicotina no s\u00f3lo sean eficaces, sino que tambi\u00e9n tengan un sabor excepcional.  <\/p>\n<h4><strong>Ventajas de Tote Cherry:<\/strong><\/h4>\n<ul>\n<li><strong>Aroma<\/strong> expresivo<strong>:<\/strong> Aut\u00e9ntico sabor a cereza que deleita por su riqueza e intensidad.<\/li>\n<li><strong>Equilibrio perfecto:<\/strong> El contenido de nicotina garantiza un efecto eficaz y duradero.<\/li>\n<li><strong>Uso vers\u00e1til:<\/strong> Excelente como alternativa discreta a los productos de nicotina tradicionales.<\/li>\n<\/ul>\n<h4><strong>Discreci\u00f3n y comodidad<\/strong><\/h4>\n<p>Las bolsitas Tote Cherry se han dise\u00f1ado para usuarios que valoran la comodidad y la discreci\u00f3n. Su tama\u00f1o compacto hace que quepan f\u00e1cilmente bajo el labio superior, sin causar molestias y siendo pr\u00e1cticamente invisibles para quienes te rodean. Se pueden utilizar en cualquier lugar y en cualquier momento, sin interrumpir las rutinas o actividades diarias.  <\/p>\n<h4><strong>\u00bfPor qu\u00e9 elegir Tote Cherry?<\/strong><\/h4>\n<ul>\n<li><strong>Alternativa sin humo: La<\/strong> ausencia de humo y olor es una ventaja tanto para el usuario como para su entorno.<\/li>\n<li><strong>Alto rendimiento:<\/strong> El efecto duradero de una bolsita permite utilizar el producto con menos frecuencia.<\/li>\n<li><strong>Uso vers\u00e1til:<\/strong> Ideal para quienes buscan una experiencia intensa de nicotina combinada con un sabor inconfundible.<\/li>\n<\/ul>\n<h4><strong>\u00bfC\u00f3mo utilizarlo?<\/strong><\/h4>\n<ol>\n<li>Saca la bolsita del envase.<\/li>\n<li>Col\u00f3calo bajo el labio superior para que empiece a liberar el sabor y la nicotina.<\/li>\n<li>Deja que la bolsita act\u00fae durante unos 30 minutos, disfrutando del profundo sabor a cereza.<\/li>\n<li>Cuando hayas terminado de utilizarlo, desecha el sobre en un recipiente adecuado.<\/li>\n<\/ol>\n<h4><strong>Caracter\u00edsticas del producto<\/strong><\/h4>\n<ul>\n<li><strong>Sabor:<\/strong> Una nota distinta, agridulce, inspirada en las cerezas maduras.<\/li>\n<li><strong>Tipo:<\/strong> Sobres de nicotina sin humo ni ceniza, dise\u00f1ados para un uso discreto.<\/li>\n<li><strong>Uso previsto:<\/strong> Para usuarios adultos que buscan una experiencia intensa de nicotina.<\/li>\n<\/ul>\n<h4><strong>Resumen<\/strong><\/h4>\n<p>La f\u00f3rmula sin humo, la comodidad de uso y el inconfundible sabor a cereza hacen de estas bolsitas una elecci\u00f3n excelente para los usuarios m\u00e1s exigentes.<\/p>\n<p>\u00a1Experimenta el sabor \u00fanico de Tote Cherry y descubre una nueva calidad de productos sin humo!<\/p>\n","protected":false},"excerpt":{"rendered":"<p>Tote Cherry es una armoniosa combinaci\u00f3n de notas agridulces de cereza y sabor a nicotina, que juntas crean una experiencia inolvidable. El sabor profundo y complejo de este producto capta perfectamente la esencia de las cerezas maduras, proporcionando una experiencia satisfactoria que dura mucho tiempo despu\u00e9s de su uso. Esta composici\u00f3n hace que el producto sea una elecci\u00f3n ideal para las personas que esperan que los sobres de nicotina no s\u00f3lo sean eficaces, sino que tambi\u00e9n tengan un sabor excepcional.  <\/p>\n","protected":false},"featured_media":1153,"comment_status":"closed","ping_status":"closed","template":"","meta":[],"product_brand":[],"product_cat":[181,171,172],"product_tag":[],"class_list":{"0":"post-1152","1":"product","2":"type-product","3":"status-publish","4":"has-post-thumbnail","6":"product_cat-compras-mas-frecuentes-es","7":"product_cat-productos","8":"product_cat-tote-es","10":"first","11":"outofstock","12":"shipping-taxable","13":"purchasable","14":"product-type-variable","15":"wvs-archive-product-wrapper"},"jetpack_sharing_enabled":true,"_links":{"self":[{"href":"https:\/\/totesnus.com\/es\/wp-json\/wp\/v2\/product\/1152","targetHints":{"allow":["GET"]}}],"collection":[{"href":"https:\/\/totesnus.com\/es\/wp-json\/wp\/v2\/product"}],"about":[{"href":"https:\/\/totesnus.com\/es\/wp-json\/wp\/v2\/types\/product"}],"replies":[{"embeddable":true,"href":"https:\/\/totesnus.com\/es\/wp-json\/wp\/v2\/comments?post=1152"}],"wp:featuredmedia":[{"embeddable":true,"href":"https:\/\/totesnus.com\/es\/wp-json\/wp\/v2\/media\/1153"}],"wp:attachment":[{"href":"https:\/\/totesnus.com\/es\/wp-json\/wp\/v2\/media?parent=1152"}],"wp:term":[{"taxonomy":"product_brand","embeddable":true,"href":"https:\/\/totesnus.com\/es\/wp-json\/wp\/v2\/product_brand?post=1152"},{"taxonomy":"product_cat","embeddable":true,"href":"https:\/\/totesnus.com\/es\/wp-json\/wp\/v2\/product_cat?post=1152"},{"taxonomy":"product_tag","embeddable":true,"href":"https:\/\/totesnus.com\/es\/wp-json\/wp\/v2\/product_tag?post=1152"}],"curies":[{"name":"wp","href":"https:\/\/api.w.org\/{rel}","templated":true}]}}